{"id":163,"date":"2023-11-04T17:39:57","date_gmt":"2023-11-04T17:39:57","guid":{"rendered":"http:\/\/www.karasutelefon.com.tr\/?page_id=163"},"modified":"2025-09-17T18:43:18","modified_gmt":"2025-09-17T18:43:18","slug":"bilgisayar-satisi-ve-tamiri","status":"publish","type":"page","link":"http:\/\/www.karasutelefon.com.tr\/index.php\/bilgisayar-satisi-ve-tamiri\/","title":{"rendered":"B\u0130LG\u0130SAYAR SATI\u015eI ve TAM\u0130R\u0130"},"content":{"rendered":"\n<p><strong>HER MARKA SIFIR B\u0130LG\u0130SAYAR VE \u0130NTERNET H\u0130ZMETLER\u0130&nbsp;<\/strong><\/p>\n\n\n\n<p><strong>KARASU MASTER B\u0130LG\u0130SAYAR, \u0130NTERNET H\u0130ZMETLER\u0130&nbsp;HER MARKA SIFIR B\u0130LG\u0130SAYAR VE CEP TELEFONU SATI\u015eI ve TAM\u0130R MERKEZ\u0130&nbsp;<\/strong><\/p>\n\n\n\n<p>Karasu Bilgisayar Tamiri Karasu Cep Telefonu Tamiri Teknik servisimizde her marka ve model&nbsp;<strong>telefon sat\u0131\u015f\u0131 \u2013 tamiri<\/strong>,&nbsp;Karasu&nbsp;<strong>notebook tamiri<\/strong>&nbsp;ve&nbsp;Karasu&nbsp;<strong>tablet tamiri<\/strong>&nbsp;i\u00e7in garantili; tamir, bak\u0131m, servis ve upgrade hizmetleri verilmektedir.<\/p>\n\n\n\n<p>&nbsp;Cep Telefonlar\u0131, Notebooklar ve Tabletler d\u0131\u015f\u0131ndaki di\u011fer bilgisayar ve par\u00e7alar\u0131n\u0131n tamiri, printer tamiri, monit\u00f6r tamiri, pc anakart tamiri, hdd data kurtarma gibi hizmetler \u015fu an i\u00e7in \u00e7al\u0131\u015fma alan\u0131m\u0131z d\u0131\u015f\u0131ndad\u0131r. G\u00f6nderece\u011finiz cihaz i\u00e7in l\u00fctfen a\u015fa\u011f\u0131daki&nbsp;&nbsp;<strong>teknik servis<\/strong>&nbsp;formunu doldurarak ar\u0131za kayd\u0131n\u0131 a\u00e7\u0131n.<\/p>\n\n\n\n<p>Size en k\u0131sa zamanda E-Mail yoluylan&nbsp;OLUMLU yada OLUMSUZ olarak d\u00f6n\u00fc\u015f yap\u0131lacakt\u0131r.<\/p>\n\n\n\n<p>Olumlu d\u00f6n\u00fc\u015flerde size kargo firmas\u0131 ve firmam\u0131z\u0131n adres bilgileri g\u00f6nderilecektir.<\/p>\n\n\n\n<p>G\u00f6nderece\u011finiz cihaz\u0131n kargo \u00fccretini \u00f6deyerek g\u00f6nderiniz, aksi takdirde cihaz firmam\u0131z taraf\u0131ndan kabul edilmeyecektir.&nbsp;<\/p>\n\n\n\n<p><strong>250 TL<\/strong>&nbsp;<strong>\u2018 ye kadar olan cihaz masraflar\u0131 onay al\u0131nmaks\u0131z\u0131n yap\u0131lacakt\u0131r.&nbsp;<\/strong>250 TL \u00fczeri masraflarda m\u00fc\u015fteri onay\u0131 al\u0131narak onar\u0131m yap\u0131lmaktad\u0131r.<\/p>\n\n\n\n<p>\u0130ncilli Mahallesi&nbsp;617. Sokak 12 B<br>Karasu&nbsp;\/&nbsp;Sakarya<\/p>\n\n\n\n<p>&nbsp; &nbsp;&nbsp;0 264 718 57 37<br>+90&nbsp;505 317 45 02<\/p>\n\n\n\n<p><a href=\"http:\/\/www.karasutelefon.com.tr\/index.php\/cep-telefon-satisi\/destek@masterbilgisayar.com\">destek@masterbilgisayar.com<br><\/a><a href=\"http:\/\/www.masterbilgisayar.com\">www.masterbilgisayar.com<\/a><\/p>\n\n\n\n<p>Pazartesi-Cumartesi: 08:30 \u2013 19:30<br>Pazar: Kapal\u0131<\/p>\n","protected":false},"excerpt":{"rendered":"<p>HER MARKA SIFIR B\u0130LG\u0130SAYAR VE \u0130NTERNET H\u0130ZMETLER\u0130&nbsp; KARASU MASTER B\u0130LG\u0130SAYAR, \u0130NTERNET H\u0130ZMETLER\u0130&nbsp;HER MARKA SIFIR B\u0130LG\u0130SAYAR VE CEP TELEFONU SATI\u015eI ve TAM\u0130R MERKEZ\u0130&nbsp; Karasu Bilgisayar Tamiri Karasu Cep Telefonu Tamiri Teknik servisimizde her marka ve model&nbsp;telefon sat\u0131\u015f\u0131 \u2013 tamiri,&nbsp;Karasu&nbsp;notebook tamiri&nbsp;ve&nbsp;Karasu&nbsp;tablet tamiri&nbsp;i\u00e7in garantili; tamir, bak\u0131m, servis ve upgrade hizmetleri verilmektedir. &nbsp;Cep Telefonlar\u0131, Notebooklar ve Tabletler d\u0131\u015f\u0131ndaki di\u011fer [&hellip;]<\/p>\n","protected":false},"author":1,"featured_media":0,"parent":0,"menu_order":0,"comment_status":"closed","ping_status":"closed","template":"","meta":[],"_links":{"self":[{"href":"http:\/\/www.karasutelefon.com.tr\/index.php\/wp-json\/wp\/v2\/pages\/163"}],"collection":[{"href":"http:\/\/www.karasutelefon.com.tr\/index.php\/wp-json\/wp\/v2\/pages"}],"about":[{"href":"http:\/\/www.karasutelefon.com.tr\/index.php\/wp-json\/wp\/v2\/types\/page"}],"author":[{"embeddable":true,"href":"http:\/\/www.karasutelefon.com.tr\/index.php\/wp-json\/wp\/v2\/users\/1"}],"replies":[{"embeddable":true,"href":"http:\/\/www.karasutelefon.com.tr\/index.php\/wp-json\/wp\/v2\/comments?post=163"}],"version-history":[{"count":3,"href":"http:\/\/www.karasutelefon.com.tr\/index.php\/wp-json\/wp\/v2\/pages\/163\/revisions"}],"predecessor-version":[{"id":295,"href":"http:\/\/www.karasutelefon.com.tr\/index.php\/wp-json\/wp\/v2\/pages\/163\/revisions\/295"}],"wp:attachment":[{"href":"http:\/\/www.karasutelefon.com.tr\/index.php\/wp-json\/wp\/v2\/media?parent=163"}],"curies":[{"name":"wp","href":"https:\/\/api.w.org\/{rel}","templated":true}]}}