{"id":280,"date":"2025-03-04T08:38:24","date_gmt":"2025-03-04T08:38:24","guid":{"rendered":"http:\/\/www.karasutelefon.com.tr\/?page_id=280"},"modified":"2025-09-17T18:44:58","modified_gmt":"2025-09-17T18:44:58","slug":"bilisim-hizmetleri-verdigimiz-firmalar","status":"publish","type":"page","link":"http:\/\/www.karasutelefon.com.tr\/index.php\/bilisim-hizmetleri-verdigimiz-firmalar\/","title":{"rendered":"Bili\u015fim Hizmetleri Verdi\u011fimiz firmalar:"},"content":{"rendered":"\n<p><strong>Master Yay\u0131nc\u0131l\u0131k ve Bilgisayar Olarak, Bili\u015fim Hizmetleri Verdi\u011fimiz firmalar:<br><\/strong><br><a rel=\"noreferrer noopener\" href=\"https:\/\/www.erenisikarasu.com.tr\/\" target=\"_blank\">https:\/\/www.erenisikarasu.com.tr\/<\/a><br><a rel=\"noreferrer noopener\" href=\"http:\/\/www.dishekimiburcinguler.com.tr\/\" target=\"_blank\">http:\/\/www.dishekimiburcinguler.com.tr\/<\/a><br><a rel=\"noreferrer noopener\" href=\"http:\/\/www.ustunhaliyikama.com.tr\/\" target=\"_blank\">http:\/\/www.ustunhaliyikama.com.tr\/<\/a><br><a rel=\"noreferrer noopener\" href=\"https:\/\/www.ustunhaliyikama.com\/\" target=\"_blank\">https:\/\/www.ustunhaliyikama.com\/<\/a><br><a rel=\"noreferrer noopener\" href=\"https:\/\/www.ustuntemizlik.com.tr\/\" target=\"_blank\">https:\/\/www.ustuntemizlik.com.tr\/<\/a><br><a rel=\"noreferrer noopener\" href=\"http:\/\/www.kobidunyasi.com.tr\/\" target=\"_blank\">http:\/\/www.kobidunyasi.com.tr\/<\/a><br><a rel=\"noreferrer noopener\" href=\"http:\/\/www.kobidunyasi.com\/\" target=\"_blank\">http:\/\/www.kobidunyasi.com<\/a><br><a rel=\"noreferrer noopener\" href=\"https:\/\/www.alisverisdunyasi.com\/\" target=\"_blank\">https:\/\/www.alisverisdunyasi.com<\/a><br><a rel=\"noreferrer noopener\" href=\"http:\/\/www.artvinsaricayirballari.com.tr\/\" target=\"_blank\">http:\/\/www.artvinsaricayirballari.com.tr\/<\/a><br><a rel=\"noreferrer noopener\" href=\"http:\/\/www.canerteknikservis.com.tr\/\" target=\"_blank\">http:\/\/www.canerteknikservis.com.tr\/<\/a><br><a rel=\"noreferrer noopener\" href=\"http:\/\/www.namikoze.com.tr\/\" target=\"_blank\">http:\/\/www.namikoze.com.tr\/<\/a><br><a rel=\"noreferrer noopener\" href=\"https:\/\/www.masteryayincilik.com.tr\/\" target=\"_blank\">https:\/\/www.masteryayincilik.com.tr<\/a><br><a rel=\"noreferrer noopener\" href=\"https:\/\/www.masterbilgisayar.com\/\" target=\"_blank\">https:\/\/www.masterbilgisayar.com<\/a><br><a rel=\"noreferrer noopener\" href=\"http:\/\/www.masterbilgisayar.com.tr\/\" target=\"_blank\">http:\/\/www.masterbilgisayar.com.tr<\/a><br><a rel=\"noreferrer noopener\" href=\"http:\/\/www.karasubilgisayar.com.tr\/\" target=\"_blank\">http:\/\/www.karasubilgisayar.com.tr\/<\/a><br><a rel=\"noreferrer noopener\" href=\"http:\/\/www.karasutelefon.com.tr\/\" target=\"_blank\">http:\/\/www.karasutelefon.com.tr\/<\/a><\/p>\n\n\n\n<p><strong>Ortak \u00c7al\u0131\u015fma Yapt\u0131\u011f\u0131m\u0131z Sosyal Medyalar\u0131m\u0131z:<br><\/strong><a href=\"https:\/\/www.facebook.com\/sakaryatelevizyon\" target=\"_blank\" rel=\"noreferrer noopener\">https:\/\/www.facebook.com\/sakaryatelevizyon<\/a><br><a href=\"https:\/\/www.instagram.com\/sakaryatelevizyon\/\" target=\"_blank\" rel=\"noreferrer noopener\">https:\/\/www.instagram.com\/sakaryatelevizyon\/<\/a><br><a href=\"https:\/\/www.facebook.com\/karasutelevizyonu\" target=\"_blank\" rel=\"noreferrer noopener\">https:\/\/www.facebook.com\/karasutelevizyonu<\/a><br><a href=\"https:\/\/www.instagram.com\/karasutelevizyonu\/\" target=\"_blank\" rel=\"noreferrer noopener\">https:\/\/www.instagram.com\/karasutelevizyonu\/<\/a><br><a href=\"https:\/\/www.twitter.com\/karasuportal\" target=\"_blank\" rel=\"noreferrer noopener\">https:\/\/www.twitter.com\/karasuportal<\/a><br><a href=\"https:\/\/www.linkedin.com\/in\/erdalozer\" target=\"_blank\" rel=\"noreferrer noopener\">https:\/\/www.linkedin.com\/in\/erdalozer<\/a><br><a href=\"https:\/\/www.medyabar.com\/\" target=\"_blank\" rel=\"noreferrer noopener\">https:\/\/www.medyabar.com\/<\/a><br><a href=\"https:\/\/www.sakaryakuzey.com\/\" target=\"_blank\" rel=\"noreferrer noopener\">https:\/\/www.sakaryakuzey.com\/<\/a><br><a href=\"https:\/\/www.karasuhaberleri.com\/\" target=\"_blank\" rel=\"noreferrer noopener\">https:\/\/www.karasuhaberleri.com\/<\/a><\/p>\n","protected":false},"excerpt":{"rendered":"<p>Master Yay\u0131nc\u0131l\u0131k ve Bilgisayar Olarak, Bili\u015fim Hizmetleri Verdi\u011fimiz firmalar:https:\/\/www.erenisikarasu.com.tr\/http:\/\/www.dishekimiburcinguler.com.tr\/http:\/\/www.ustunhaliyikama.com.tr\/https:\/\/www.ustunhaliyikama.com\/https:\/\/www.ustuntemizlik.com.tr\/http:\/\/www.kobidunyasi.com.tr\/http:\/\/www.kobidunyasi.comhttps:\/\/www.alisverisdunyasi.comhttp:\/\/www.artvinsaricayirballari.com.tr\/http:\/\/www.canerteknikservis.com.tr\/http:\/\/www.namikoze.com.tr\/https:\/\/www.masteryayincilik.com.trhttps:\/\/www.masterbilgisayar.comhttp:\/\/www.masterbilgisayar.com.trhttp:\/\/www.karasubilgisayar.com.tr\/http:\/\/www.karasutelefon.com.tr\/ Ortak \u00c7al\u0131\u015fma Yapt\u0131\u011f\u0131m\u0131z Sosyal Medyalar\u0131m\u0131z:https:\/\/www.facebook.com\/sakaryatelevizyonhttps:\/\/www.instagram.com\/sakaryatelevizyon\/https:\/\/www.facebook.com\/karasutelevizyonuhttps:\/\/www.instagram.com\/karasutelevizyonu\/https:\/\/www.twitter.com\/karasuportalhttps:\/\/www.linkedin.com\/in\/erdalozerhttps:\/\/www.medyabar.com\/https:\/\/www.sakaryakuzey.com\/https:\/\/www.karasuhaberleri.com\/<\/p>\n","protected":false},"author":1,"featured_media":0,"parent":0,"menu_order":0,"comment_status":"closed","ping_status":"closed","template":"","meta":[],"_links":{"self":[{"href":"http:\/\/www.karasutelefon.com.tr\/index.php\/wp-json\/wp\/v2\/pages\/280"}],"collection":[{"href":"http:\/\/www.karasutelefon.com.tr\/index.php\/wp-json\/wp\/v2\/pages"}],"about":[{"href":"http:\/\/www.karasutelefon.com.tr\/index.php\/wp-json\/wp\/v2\/types\/page"}],"author":[{"embeddable":true,"href":"http:\/\/www.karasutelefon.com.tr\/index.php\/wp-json\/wp\/v2\/users\/1"}],"replies":[{"embeddable":true,"href":"http:\/\/www.karasutelefon.com.tr\/index.php\/wp-json\/wp\/v2\/comments?post=280"}],"version-history":[{"count":5,"href":"http:\/\/www.karasutelefon.com.tr\/index.php\/wp-json\/wp\/v2\/pages\/280\/revisions"}],"predecessor-version":[{"id":297,"href":"http:\/\/www.karasutelefon.com.tr\/index.php\/wp-json\/wp\/v2\/pages\/280\/revisions\/297"}],"wp:attachment":[{"href":"http:\/\/www.karasutelefon.com.tr\/index.php\/wp-json\/wp\/v2\/media?parent=280"}],"curies":[{"name":"wp","href":"https:\/\/api.w.org\/{rel}","templated":true}]}}