{"id":62,"date":"2022-09-27T14:13:30","date_gmt":"2022-09-27T14:13:30","guid":{"rendered":"http:\/\/www.karasutelefon.com.tr\/?page_id=62"},"modified":"2023-11-05T04:53:36","modified_gmt":"2023-11-05T04:53:36","slug":"cep-telefon-satisi","status":"publish","type":"page","link":"http:\/\/www.karasutelefon.com.tr\/index.php\/cep-telefon-satisi\/","title":{"rendered":"CEP TELEFON SATI\u015eI"},"content":{"rendered":"\n<figure class=\"wp-block-image\"><img src=\"https:\/\/cdn.cimri.io\/static-component\/component_jcS7C2020-12-03.jpg\" alt=\"Samsung Cep Telefonlar\u0131\"\/><\/figure>\n\n\n\n<p>Samsung Cep Telefonlar\u0131 Sat\u0131\u015f\u0131<\/p>\n\n\n\n<figure class=\"wp-block-image\"><img src=\"https:\/\/cdn.cimri.io\/static-component\/component_qTLeH2019-12-01.jpg\" alt=\"Xiaomi Telefonlar\"\/><\/figure>\n\n\n\n<p>Xiaomi Telefonlar\u0131 Sat\u0131\u015f\u0131<\/p>\n\n\n\n<figure class=\"wp-block-image\"><img src=\"https:\/\/cdn.cimri.io\/static-component\/component_rFQlI2018-11-09.jpg\" alt=\"Apple Telefonlar\"\/><\/figure>\n\n\n\n<p><strong>Apple Telefonlar\u0131 Sat\u0131\u015f\u0131 \u0130\u00e7in Teklif Al\u0131n.<\/strong><\/p>\n\n\n\n<p>\u0130ncilli Mahallesi&nbsp;617. Sokak 12 B<br>Karasu&nbsp;\/&nbsp;Sakarya<\/p>\n\n\n\n<p>&nbsp; &nbsp;&nbsp;0 264 718 57 37<br>+90&nbsp;505 317 45 02<\/p>\n\n\n\n<p><a href=\"destek@masterbilgisayar.com\" data-type=\"URL\" data-id=\"destek@masterbilgisayar.com\">destek@masterbilgisayar.com<br><\/a><a href=\"http:\/\/www.masterbilgisayar.com\" data-type=\"URL\" data-id=\"www.masterbilgisayar.com\">www.masterbilgisayar.com<\/a><\/p>\n\n\n\n<p>Pazartesi-Cumartesi: 08:30 &#8211; 19:30<br>Pazar: Kapal\u0131<\/p>\n","protected":false},"excerpt":{"rendered":"<p>Samsung Cep Telefonlar\u0131 Sat\u0131\u015f\u0131 Xiaomi Telefonlar\u0131 Sat\u0131\u015f\u0131 Apple Telefonlar\u0131 Sat\u0131\u015f\u0131 \u0130\u00e7in Teklif Al\u0131n. \u0130ncilli Mahallesi&nbsp;617. Sokak 12 BKarasu&nbsp;\/&nbsp;Sakarya &nbsp; &nbsp;&nbsp;0 264 718 57 37+90&nbsp;505 317 45 02 destek@masterbilgisayar.comwww.masterbilgisayar.com Pazartesi-Cumartesi: 08:30 &#8211; 19:30Pazar: Kapal\u0131<\/p>\n","protected":false},"author":1,"featured_media":0,"parent":0,"menu_order":0,"comment_status":"closed","ping_status":"closed","template":"","meta":[],"_links":{"self":[{"href":"http:\/\/www.karasutelefon.com.tr\/index.php\/wp-json\/wp\/v2\/pages\/62"}],"collection":[{"href":"http:\/\/www.karasutelefon.com.tr\/index.php\/wp-json\/wp\/v2\/pages"}],"about":[{"href":"http:\/\/www.karasutelefon.com.tr\/index.php\/wp-json\/wp\/v2\/types\/page"}],"author":[{"embeddable":true,"href":"http:\/\/www.karasutelefon.com.tr\/index.php\/wp-json\/wp\/v2\/users\/1"}],"replies":[{"embeddable":true,"href":"http:\/\/www.karasutelefon.com.tr\/index.php\/wp-json\/wp\/v2\/comments?post=62"}],"version-history":[{"count":3,"href":"http:\/\/www.karasutelefon.com.tr\/index.php\/wp-json\/wp\/v2\/pages\/62\/revisions"}],"predecessor-version":[{"id":237,"href":"http:\/\/www.karasutelefon.com.tr\/index.php\/wp-json\/wp\/v2\/pages\/62\/revisions\/237"}],"wp:attachment":[{"href":"http:\/\/www.karasutelefon.com.tr\/index.php\/wp-json\/wp\/v2\/media?parent=62"}],"curies":[{"name":"wp","href":"https:\/\/api.w.org\/{rel}","templated":true}]}}