{"id":64,"date":"2022-09-27T14:13:30","date_gmt":"2022-09-27T14:13:30","guid":{"rendered":"http:\/\/www.karasutelefon.com.tr\/?page_id=64"},"modified":"2023-11-05T13:50:16","modified_gmt":"2023-11-05T13:50:16","slug":"hakkimizda","status":"publish","type":"page","link":"http:\/\/www.karasutelefon.com.tr\/index.php\/hakkimizda\/","title":{"rendered":"HAKKIMIZDA"},"content":{"rendered":"\n<p><strong>HER MARKA SIFIR B\u0130LG\u0130SAYAR<\/strong> &#8211; <strong>CEP TELEFONU SATI\u015eI &#8211; TAM\u0130R MERKEZ\u0130 ve \u0130NTERNET H\u0130ZMETLER\u0130\u00a0<\/strong><\/p>\n\n\n\n<p>2009 dan G\u00fcn\u00fcm\u00fcze<strong> Teknik servisimizde her marka \u2013 model\u00a0bilgisayar<\/strong>\u00a0ve\u00a0<strong>telefon sat\u0131\u015f\u0131 tamiri<\/strong>,\u00a0<strong>notebook tamiri<\/strong>\u00a0ve\u00a0<strong>tablet tamiri<\/strong>\u00a0i\u00e7in garantili; tamir, bak\u0131m, servis ve upgrade hizmetleri verilmektedir.<\/p>\n\n\n\n<p>&nbsp;Cep Telefonlar\u0131, Notebooklar ve Tabletler d\u0131\u015f\u0131ndaki di\u011fer Masa\u00fcst\u00fc bilgisayar ve par\u00e7alar\u0131n\u0131n tamiri, printer tamiri, monit\u00f6r tamiri, pc anakart tamiri, hdd data kurtarma gibi hizmetler \u015fu an i\u00e7in \u00e7al\u0131\u015fma alan\u0131m\u0131z d\u0131\u015f\u0131ndad\u0131r.<\/p>\n\n\n\n<p><strong>G\u00f6nderece\u011finiz cihaz i\u00e7in<\/strong>, l\u00fctfen, <a href=\"mailto:destek@masterbilgisayar.com\">destek@masterbilgisayar.com<\/a> <strong>teknik servis<\/strong>imize detayl\u0131 a\u00e7\u0131klamal\u0131 bilgileri g\u00f6ndermenizi paralel, Size en k\u0131sa zamanda E-Mail yolu ile\u00a0OLUMLU yada OLUMSUZ olarak d\u00f6n\u00fc\u015f yap\u0131lacakt\u0131r.<\/p>\n\n\n\n<p>Olumlu d\u00f6n\u00fc\u015flerde size kargo firmas\u0131 ve firmam\u0131z\u0131n adres bilgileri g\u00f6nderilecektir.<\/p>\n\n\n\n<p>G\u00f6nderece\u011finiz cihaz\u0131n<strong> kargo \u00fccretini \u00f6deyerek<\/strong> g\u00f6nderiniz, aksi takdirde cihaz firmam\u0131z taraf\u0131ndan kabul edilmeyecektir.\u00a0<\/p>\n\n\n\n<p><strong>250 TL<\/strong>\u00a0<strong>\u2018 ye kadar olan cihaz masraflar\u0131 onay al\u0131nmaks\u0131z\u0131n yap\u0131lacakt\u0131r.\u00a0<\/strong>\u00a0250 TL \u00fczeri masraflarda m\u00fc\u015fteri onay\u0131 al\u0131narak onar\u0131m yap\u0131lmaktad\u0131r.<\/p>\n\n\n\n<p>Bak\u0131m raporunda belirtilen ve uygulanan \u00f6nleyici\/koruyucu tedbirlerin yetersizli\u011fi veya tespit edilip par\u00e7a de\u011fi\u015fimi yap\u0131lmadan giderilen ar\u0131zalar\u0131n n\u00fcksetmesi sebebiyle olu\u015fabilecek, kullan\u0131c\u0131 hatalar\u0131 ve harici etkenler d\u0131\u015f\u0131ndaki t\u00fcm problemlere kar\u015f\u0131 cihaz 3 AY GARANT\u0130L\u0130D\u0130R. 3 Ay i\u00e7inde ayn\u0131 ar\u0131zan\u0131n n\u00fcksetmesi&nbsp;durumunda, cihaza yap\u0131lan i\u015flemler sonucunda cihaz olumsuz sonu\u00e7 verir ise, m\u00fc\u015fteriden al\u0131nan \u00fccret, belirtece\u011fi banka bilgilerine 5 i\u015f g\u00fcn\u00fc i\u00e7inde geri iade edilecektir.<\/p>\n\n\n\n<p><strong>MASTER B\u0130LG\u0130SAYAR<\/strong><\/p>\n","protected":false},"excerpt":{"rendered":"<p>HER MARKA SIFIR B\u0130LG\u0130SAYAR &#8211; CEP TELEFONU SATI\u015eI &#8211; TAM\u0130R MERKEZ\u0130 ve \u0130NTERNET H\u0130ZMETLER\u0130\u00a0 2009 dan G\u00fcn\u00fcm\u00fcze Teknik servisimizde her marka \u2013 model\u00a0bilgisayar\u00a0ve\u00a0telefon sat\u0131\u015f\u0131 tamiri,\u00a0notebook tamiri\u00a0ve\u00a0tablet tamiri\u00a0i\u00e7in garantili; tamir, bak\u0131m, servis ve upgrade hizmetleri verilmektedir. &nbsp;Cep Telefonlar\u0131, Notebooklar ve Tabletler d\u0131\u015f\u0131ndaki di\u011fer Masa\u00fcst\u00fc bilgisayar ve par\u00e7alar\u0131n\u0131n tamiri, printer tamiri, monit\u00f6r tamiri, pc anakart tamiri, hdd [&hellip;]<\/p>\n","protected":false},"author":1,"featured_media":0,"parent":0,"menu_order":0,"comment_status":"closed","ping_status":"closed","template":"","meta":[],"_links":{"self":[{"href":"http:\/\/www.karasutelefon.com.tr\/index.php\/wp-json\/wp\/v2\/pages\/64"}],"collection":[{"href":"http:\/\/www.karasutelefon.com.tr\/index.php\/wp-json\/wp\/v2\/pages"}],"about":[{"href":"http:\/\/www.karasutelefon.com.tr\/index.php\/wp-json\/wp\/v2\/types\/page"}],"author":[{"embeddable":true,"href":"http:\/\/www.karasutelefon.com.tr\/index.php\/wp-json\/wp\/v2\/users\/1"}],"replies":[{"embeddable":true,"href":"http:\/\/www.karasutelefon.com.tr\/index.php\/wp-json\/wp\/v2\/comments?post=64"}],"version-history":[{"count":5,"href":"http:\/\/www.karasutelefon.com.tr\/index.php\/wp-json\/wp\/v2\/pages\/64\/revisions"}],"predecessor-version":[{"id":244,"href":"http:\/\/www.karasutelefon.com.tr\/index.php\/wp-json\/wp\/v2\/pages\/64\/revisions\/244"}],"wp:attachment":[{"href":"http:\/\/www.karasutelefon.com.tr\/index.php\/wp-json\/wp\/v2\/media?parent=64"}],"curies":[{"name":"wp","href":"https:\/\/api.w.org\/{rel}","templated":true}]}}